{"id":2485,"date":"2021-12-19T18:01:07","date_gmt":"2021-12-19T17:01:07","guid":{"rendered":"http:\/\/lodgedesalmadies.com\/?page_id=2485"},"modified":"2025-06-27T09:42:10","modified_gmt":"2025-06-27T07:42:10","slug":"hotel","status":"publish","type":"page","link":"https:\/\/lodgedesalmadies.com\/index.php\/hotel\/","title":{"rendered":"L&#8217;H\u00d4TEL"},"content":{"rendered":"<p>[vc_row full_width=&#8221;stretch_row&#8221; css=&#8221;.vc_custom_1650493110801{padding-bottom: 80px !important;}&#8221;][vc_column][vc_column_text]<\/p>\n<h1 style=\"font-size: 32px; font-weight: 800; text-align: center;\">BIENVENUE<\/h1>\n<p style=\"text-align: center;\">La qualit\u00e9 d\u2019un h\u00f4tel passe par des actions simples et vraies. Par l\u2019amabilit\u00e9 et la disponibilit\u00e9 du personnel, mais d\u2019abord et avant tout par la propret\u00e9 et le confort.<\/p>\n<p style=\"text-align: center;\">B\u00e9n\u00e9ficiez du charme de nos 36 chambres.<\/p>\n<p style=\"text-align: center;\">C\u00f4t\u00e9 piscine, avec balcon ou c\u00f4t\u00e9 route, chaque chambre est unique et l\u2019ensemble a \u00e9t\u00e9 con\u00e7u de fa\u00e7on \u00e0 vous faire passer une agr\u00e9able nuit dans nos murs aux tonalit\u00e9s apaisantes.<\/p>\n<p style=\"text-align: center;\">UN PETIT DEJEUNER BUFFET est servi de 6h \u00e0 10h. R\u00e9servation fortement recommand\u00e9e<\/p>\n<p style=\"text-align: center;\"><strong>MODE DE PAIEMENT ACCEPT\u00c9S :<br \/>\n<\/strong>FCFA- Euro &#8211; Dollar US &#8211; Carte Bleue &#8211; Carte Visa<\/p>\n<p>[\/vc_column_text]\r\n\t\t\t\t\r\n        <script>\r\n          jQuery(document).ready(function ($) {\r\n            function gallery_carousel() {\r\n              $('#gallery-carousel-1L1vE').owlCarousel({\r\n                rtl: false,\r\n                loop: false,\r\n                margin: 0,\r\n                nav: false,\r\n                autoplay: true,\r\n                responsive:{\r\n                   0:{\r\n                       items: 1\r\n                   },\r\n                   600:{\r\n                       items: 3\r\n                   },\r\n                   1200:{\r\n                       items:5                   }\r\n                 }\r\n              });\r\n          }\r\n          setTimeout(gallery_carousel, 1)\r\n          });\r\n        <\/script>\r\n\r\n\r\n\t\t\t\t<div id=\"gallery-carousel-1L1vE\" class=\"gallery-slider image-gallery owl-carousel\">\r\n\t\t\t\t\t\t\t\t\t\t\t\t\t\t<!-- TESTIMONIAL SLIDE ITEM -->\r\n\t\t\t\t\t\t\t\t<div class=\"item\">\r\n                  <figure class=\"gradient-overlay-hover icon-zoom-hover zoom-image-hover\">\r\n\t\t\t\t\t\t\t\t\t\t<a href=\"https:\/\/lodgedesalmadies.com\/wp-content\/uploads\/2022\/02\/06_restaurant.jpg\">\r\n\t\t\t\t\t\t\t\t\t\t\t\t<img decoding=\"async\" src=\"https:\/\/lodgedesalmadies.com\/wp-content\/uploads\/2022\/02\/06_restaurant-480x480.jpg\" alt=\"Restaurant\">\r\n\t\t\t\t\t\t\t\t\t\t<\/a>\r\n                  <\/figure>\r\n                                          <div class=\"gallery_item_info\">\r\n  \t\t\t\t\t\t\t\t\t\t\t\t<h4>Restaurant<\/h4>\r\n  \t\t\t\t\t\t\t\t\t\t<\/div>\r\n                  \t\t\t\t\t\t\t\t<\/div>\r\n\r\n\t\t\t\t\t\t\t\t\t\t\t\t\t\t<!-- TESTIMONIAL SLIDE ITEM -->\r\n\t\t\t\t\t\t\t\t<div class=\"item\">\r\n                  <figure class=\"gradient-overlay-hover icon-zoom-hover zoom-image-hover\">\r\n\t\t\t\t\t\t\t\t\t\t<a href=\"https:\/\/lodgedesalmadies.com\/wp-content\/uploads\/2022\/02\/05_room-service.jpg\">\r\n\t\t\t\t\t\t\t\t\t\t\t\t<img decoding=\"async\" src=\"https:\/\/lodgedesalmadies.com\/wp-content\/uploads\/2022\/02\/05_room-service-480x480.jpg\" alt=\"Room service\">\r\n\t\t\t\t\t\t\t\t\t\t<\/a>\r\n                  <\/figure>\r\n                                          <div class=\"gallery_item_info\">\r\n  \t\t\t\t\t\t\t\t\t\t\t\t<h4>Room service<\/h4>\r\n  \t\t\t\t\t\t\t\t\t\t<\/div>\r\n                  \t\t\t\t\t\t\t\t<\/div>\r\n\r\n\t\t\t\t\t\t\t\t\t\t\t\t\t\t<!-- TESTIMONIAL SLIDE ITEM -->\r\n\t\t\t\t\t\t\t\t<div class=\"item\">\r\n                  <figure class=\"gradient-overlay-hover icon-zoom-hover zoom-image-hover\">\r\n\t\t\t\t\t\t\t\t\t\t<a href=\"https:\/\/lodgedesalmadies.com\/wp-content\/uploads\/2022\/02\/03_seminaires.jpg\">\r\n\t\t\t\t\t\t\t\t\t\t\t\t<img decoding=\"async\" src=\"https:\/\/lodgedesalmadies.com\/wp-content\/uploads\/2022\/02\/03_seminaires-480x480.jpg\" alt=\"S\u00e9minaires\">\r\n\t\t\t\t\t\t\t\t\t\t<\/a>\r\n                  <\/figure>\r\n                                          <div class=\"gallery_item_info\">\r\n  \t\t\t\t\t\t\t\t\t\t\t\t<h4>S\u00e9minaires<\/h4>\r\n  \t\t\t\t\t\t\t\t\t\t<\/div>\r\n                  \t\t\t\t\t\t\t\t<\/div>\r\n\r\n\t\t\t\t\t\t\t\t\t\t\t\t\t\t<!-- TESTIMONIAL SLIDE ITEM -->\r\n\t\t\t\t\t\t\t\t<div class=\"item\">\r\n                  <figure class=\"gradient-overlay-hover icon-zoom-hover zoom-image-hover\">\r\n\t\t\t\t\t\t\t\t\t\t<a href=\"https:\/\/lodgedesalmadies.com\/wp-content\/uploads\/2022\/02\/02_suites.jpg\">\r\n\t\t\t\t\t\t\t\t\t\t\t\t<img decoding=\"async\" src=\"https:\/\/lodgedesalmadies.com\/wp-content\/uploads\/2022\/02\/02_suites-480x480.jpg\" alt=\"Suites\">\r\n\t\t\t\t\t\t\t\t\t\t<\/a>\r\n                  <\/figure>\r\n                                          <div class=\"gallery_item_info\">\r\n  \t\t\t\t\t\t\t\t\t\t\t\t<h4>Suites<\/h4>\r\n  \t\t\t\t\t\t\t\t\t\t<\/div>\r\n                  \t\t\t\t\t\t\t\t<\/div>\r\n\r\n\t\t\t\t\t\t\t\t\t\t\t\t\t\t<!-- TESTIMONIAL SLIDE ITEM -->\r\n\t\t\t\t\t\t\t\t<div class=\"item\">\r\n                  <figure class=\"gradient-overlay-hover icon-zoom-hover zoom-image-hover\">\r\n\t\t\t\t\t\t\t\t\t\t<a href=\"https:\/\/lodgedesalmadies.com\/wp-content\/uploads\/2022\/02\/01_hotel.jpg\">\r\n\t\t\t\t\t\t\t\t\t\t\t\t<img decoding=\"async\" src=\"https:\/\/lodgedesalmadies.com\/wp-content\/uploads\/2022\/02\/01_hotel-480x480.jpg\" alt=\"H\u00f4tel\">\r\n\t\t\t\t\t\t\t\t\t\t<\/a>\r\n                  <\/figure>\r\n                                          <div class=\"gallery_item_info\">\r\n  \t\t\t\t\t\t\t\t\t\t\t\t<h4>H\u00f4tel<\/h4>\r\n  \t\t\t\t\t\t\t\t\t\t<\/div>\r\n                  \t\t\t\t\t\t\t\t<\/div>\r\n\r\n\t\t\t\t\t\t\t\t\t\t\t\t\t\t<!-- TESTIMONIAL SLIDE ITEM -->\r\n\t\t\t\t\t\t\t\t<div class=\"item\">\r\n                  <figure class=\"gradient-overlay-hover icon-zoom-hover zoom-image-hover\">\r\n\t\t\t\t\t\t\t\t\t\t<a href=\"https:\/\/lodgedesalmadies.com\/wp-content\/uploads\/2025\/06\/04_boutique.jpg\">\r\n\t\t\t\t\t\t\t\t\t\t\t\t<img decoding=\"async\" src=\"https:\/\/lodgedesalmadies.com\/wp-content\/uploads\/2025\/06\/04_boutique-480x480.jpg\" alt=\"Boutiques\">\r\n\t\t\t\t\t\t\t\t\t\t<\/a>\r\n                  <\/figure>\r\n                                          <div class=\"gallery_item_info\">\r\n  \t\t\t\t\t\t\t\t\t\t\t\t<h4>Boutiques<\/h4>\r\n  \t\t\t\t\t\t\t\t\t\t<\/div>\r\n                  \t\t\t\t\t\t\t\t<\/div>\r\n\r\n\t\t\t\t\t\t\t\t\t\t\t\t\t\t\t\t<\/div>\r\n\r\n        [\/vc_column][\/vc_row][vc_row][vc_column][vc_raw_html]JTNDZGl2JTIwY2xhc3MlM0QlMjJ2Y19yb3clMjB3cGJfcm93JTIwdmNfcm93LWZsdWlkJTIyJTNFJTNDZGl2JTIwY2xhc3MlM0QlMjJ3cGJfY29sdW1uJTIwdmNfY29sdW1uX2NvbnRhaW5lciUyMHZjX2NvbC1zbS0xMiUyMiUzRSUzQ2RpdiUyMGNsYXNzJTNEJTIydmNfY29sdW1uLWlubmVyJTIyJTNFJTNDZGl2JTIwY2xhc3MlM0QlMjJ3cGJfd3JhcHBlciUyMiUzRSUzQ2RpdiUyMGNsYXNzJTNEJTIydmNfcm93JTIwd3BiX3JvdyUyMHZjX2lubmVyJTIwdmNfcm93LWZsdWlkJTIyJTNFJTNDZGl2JTIwY2xhc3MlM0QlMjJ3cGJfY29sdW1uJTIwdmNfY29sdW1uX2NvbnRhaW5lciUyMHZjX2NvbC1zbS0zJTIyJTNFJTNDZGl2JTIwY2xhc3MlM0QlMjJ2Y19jb2x1bW4taW5uZXIlMjIlM0UlM0NkaXYlMjBjbGFzcyUzRCUyMndwYl93cmFwcGVyJTIyJTNFJTBBJTIwJTIwJTNDZGl2JTIwY2xhc3MlM0QlMjJjb3VudHVwLWl0ZW0lMjIlM0UlMEElMjAlMjAlMjAlMjAlM0NpbWclMjBkcmFnZ2FibGUlM0QlMjJmYWxzZSUyMiUyMHNyYyUzRCUyMmh0dHBzJTNBJTJGJTJGbG9kZ2VkZXNhbG1hZGllcy5jb20lMkZ3cC1jb250ZW50JTJGdXBsb2FkcyUyRjIwMTglMkYwNyUyRnJvb21zLTEucG5nJTIyJTNFJTBBJTIwJTIwJTIwJTIwJTNDc3BhbiUyMGNsYXNzJTNEJTIybnVtYmVyJTIyJTIwZGF0YS1jb3VudCUzRCUyMjM2JTIyJTNFMzYlM0MlMkZzcGFuJTNFJTBBJTIwJTIwJTIwJTIwJTNDZGl2JTIwY2xhc3MlM0QlMjJ0ZXh0JTIyJTNFQ0hBTUJSRVMlM0MlMkZkaXYlM0UlMEElMjAlMjAlM0MlMkZkaXYlM0UlMEElMEElMEElM0MlMkZkaXYlM0UlM0MlMkZkaXYlM0UlM0MlMkZkaXYlM0UlM0NkaXYlMjBjbGFzcyUzRCUyMndwYl9jb2x1bW4lMjB2Y19jb2x1bW5fY29udGFpbmVyJTIwdmNfY29sLXNtLTMlMjIlM0UlM0NkaXYlMjBjbGFzcyUzRCUyMnZjX2NvbHVtbi1pbm5lciUyMiUzRSUzQ2RpdiUyMGNsYXNzJTNEJTIyd3BiX3dyYXBwZXIlMjIlM0UlMEElMjAlMjAlM0NkaXYlMjBjbGFzcyUzRCUyMmNvdW50dXAtaXRlbSUyMiUzRSUwQSUyMCUyMCUyMCUyMCUzQ2ltZyUyMGRyYWdnYWJsZSUzRCUyMmZhbHNlJTIyJTIwc3JjJTNEJTIyaHR0cHMlM0ElMkYlMkZsb2RnZWRlc2FsbWFkaWVzLmNvbSUyRndwLWNvbnRlbnQlMkZ1cGxvYWRzJTJGMjAxOCUyRjA3JTJGcmVzdGF1cmFudC0xLnBuZyUyMiUzRSUwQSUyMCUyMCUyMCUyMCUzQ3NwYW4lMjBjbGFzcyUzRCUyMm51bWJlciUyMiUyMGRhdGEtY291bnQlM0QlMjIxJTIyJTNFMSUzQyUyRnNwYW4lM0UlMEElMjAlMjAlMjAlMjAlM0NkaXYlMjBjbGFzcyUzRCUyMnRleHQlMjIlM0VSRVNUQVVSQU5UJTNDJTJGZGl2JTNFJTBBJTIwJTIwJTNDJTJGZGl2JTNFJTBBJTBBJTBBJTNDJTJGZGl2JTNFJTNDJTJGZGl2JTNFJTNDJTJGZGl2JTNFJTNDZGl2JTIwY2xhc3MlM0QlMjJ3cGJfY29sdW1uJTIwdmNfY29sdW1uX2NvbnRhaW5lciUyMHZjX2NvbC1zbS0zJTIyJTNFJTNDZGl2JTIwY2xhc3MlM0QlMjJ2Y19jb2x1bW4taW5uZXIlMjIlM0UlM0NkaXYlMjBjbGFzcyUzRCUyMndwYl93cmFwcGVyJTIyJTNFJTBBJTIwJTIwJTNDZGl2JTIwY2xhc3MlM0QlMjJjb3VudHVwLWl0ZW0lMjIlM0UlMEElMjAlMjAlMjAlMjAlM0NpbWclMjBkcmFnZ2FibGUlM0QlMjJmYWxzZSUyMiUyMHNyYyUzRCUyMmh0dHBzJTNBJTJGJTJGbG9kZ2VkZXNhbG1hZGllcy5jb20lMkZ3cC1jb250ZW50JTJGdXBsb2FkcyUyRjIwMTglMkYwNyUyRnN0YWZmLTEucG5nJTIyJTNFJTBBJTIwJTIwJTIwJTIwJTNDc3BhbiUyMGNsYXNzJTNEJTIybnVtYmVyJTIyJTIwZGF0YS1jb3VudCUzRCUyMjIlMjIlM0UyJTNDJTJGc3BhbiUzRSUwQSUyMCUyMCUyMCUyMCUzQ2RpdiUyMGNsYXNzJTNEJTIydGV4dCUyMiUzRVNBTExFUyUyMERFJTIwUyVDMyU4OU1JTkFJUkVTJTNDJTJGZGl2JTNFJTBBJTIwJTIwJTNDJTJGZGl2JTNFJTBBJTBBJTBBJTNDJTJGZGl2JTNFJTNDJTJGZGl2JTNFJTNDJTJGZGl2JTNFJTNDZGl2JTIwY2xhc3MlM0QlMjJ3cGJfY29sdW1uJTIwdmNfY29sdW1uX2NvbnRhaW5lciUyMHZjX2NvbC1zbS0zJTIyJTNFJTNDZGl2JTIwY2xhc3MlM0QlMjJ2Y19jb2x1bW4taW5uZXIlMjIlM0UlM0NkaXYlMjBjbGFzcyUzRCUyMndwYl93cmFwcGVyJTIyJTNFJTBBJTIwJTIwJTNDZGl2JTIwY2xhc3MlM0QlMjJjb3VudHVwLWl0ZW0lMjIlM0UlMEElMjAlMjAlMjAlMjAlM0NpbWclMjBkcmFnZ2FibGUlM0QlMjJmYWxzZSUyMiUyMHNyYyUzRCUyMmh0dHBzJTNBJTJGJTJGbG9kZ2VkZXNhbG1hZGllcy5jb20lMkZ3cC1jb250ZW50JTJGdXBsb2FkcyUyRjIwMTglMkYwNyUyRnN3aW1taW5nLXBvb2wtMi5wbmclMjIlM0UlMEElMjAlMjAlMjAlMjAlM0NzcGFuJTIwY2xhc3MlM0QlMjJudW1iZXIlMjIlMjBkYXRhLWNvdW50JTNEJTIyMSUyMiUzRTElM0MlMkZzcGFuJTNFJTBBJTIwJTIwJTIwJTIwJTNDZGl2JTIwY2xhc3MlM0QlMjJ0ZXh0JTIyJTNFUElTQ0lORSUzQyUyRmRpdiUzRSUwQSUyMCUyMCUzQyUyRmRpdiUzRSUwQSUwQSUwQSUzQyUyRmRpdiUzRSUzQyUyRmRpdiUzRSUzQyUyRmRpdiUzRSUzQ2RpdiUyMGNsYXNzJTNEJTIyd3BiX2NvbHVtbiUyMHZjX2NvbHVtbl9jb250YWluZXIlMjB2Y19jb2wtc20tMTIlMjIlM0UlM0NkaXYlMjBjbGFzcyUzRCUyMnZjX2NvbHVtbi1pbm5lciUyMiUzRSUzQ2RpdiUyMGNsYXNzJTNEJTIyd3BiX3dyYXBwZXIlMjIlM0UlMEElM0NkaXYlMjBjbGFzcyUzRCUyMndwYl9yYXdfY29kZSUyMHdwYl9jb250ZW50X2VsZW1lbnQlMjB3cGJfcmF3X2h0bWwlMjIlM0UlMEElM0NkaXYlMjBjbGFzcyUzRCUyMndwYl93cmFwcGVyJTIyJTNFJTBBJTNDZGl2JTIwY2xhc3MlM0QlMjJyb29tLXNlcnZpY2VzLWxpc3QlMjIlM0UlMEElM0NkaXYlMjBjbGFzcyUzRCUyMmViLWctMyUyMGViLWctbS0yJTIyJTNFJTBBJTNDZGl2JTIwY2xhc3MlM0QlMjJyb29tLXNlcnZpY2VzLWl0ZW0lMjIlM0UlMEElM0NpJTIwY2xhc3MlM0QlMjJmYSUyMGZhLWZlbWFsZSUyMiUyMGRhdGEtb3JpZ2luYWwtdGl0bGUlM0QlMjJIYWlyJTIwRHJ5ZXIlMjIlM0UlM0MlMkZpJTNFJTBBUiVDMyU4OUNFUFRJT04lMjAyNCUyRjI0JTBBJTNDJTJGZGl2JTNFJTBBJTNDZGl2JTIwY2xhc3MlM0QlMjJyb29tLXNlcnZpY2VzLWl0ZW0lMjIlM0UlMEElM0NpJTIwY2xhc3MlM0QlMjJmYSUyMGZhLWdsYXNzJTIyJTIwZGF0YS1vcmlnaW5hbC10aXRsZSUzRCUyMk1pbmklMjBCYXIlMjIlM0UlM0MlMkZpJTNFJTBBMzYlMjBDSEFNQlJFUyUyMCUyRiUyME1JTkklMjBCQVIlMjBFTiUyME9QVElPTiUwQSUzQyUyRmRpdiUzRSUwQSUzQ2RpdiUyMGNsYXNzJTNEJTIycm9vbS1zZXJ2aWNlcy1pdGVtJTIyJTNFJTBBJTNDaSUyMGNsYXNzJTNEJTIyZmElMjBmYS10ZWxldmlzaW9uJTIyJTIwZGF0YS1vcmlnaW5hbC10aXRsZSUzRCUyMldpZGVzY3JlZW4lMjBUViUyMiUzRSUzQyUyRmklM0UlMEElQzMlODlDUkFOJTIwUExBVCUyMExDRCUyMCVFMiU4MCU5MyUyMEMlQzMlODJCTEUlMjBTQVRFTExJVEUlMEElM0MlMkZkaXYlM0UlMEElM0NkaXYlMjBjbGFzcyUzRCUyMnJvb20tc2VydmljZXMtaXRlbSUyMiUzRSUwQSUzQ2klMjBjbGFzcyUzRCUyMmZhJTIwZmEtY29mZmVlJTIyJTIwZGF0YS1vcmlnaW5hbC10aXRsZSUzRCUyMkNvZmZlZSUyME1ha2VyJTIyJTNFJTNDJTJGaSUzRSUwQUNPRkZSRSUyMElORElWSURVRUwlMEElM0MlMkZkaXYlM0UlMEElM0NkaXYlMjBjbGFzcyUzRCUyMnJvb20tc2VydmljZXMtaXRlbSUyMiUzRSUwQSUzQ2klMjBjbGFzcyUzRCUyMmZhJTIwZmEtc25vd2ZsYWtlLW8lMjIlMjBkYXRhLW9yaWdpbmFsLXRpdGxlJTNEJTIyQWlyJTIwQ29uZGl0aW9uZXIlMjIlM0UlM0MlMkZpJTNFJTBBQ0xJTUFUSVNBVElPTiUwQSUzQyUyRmRpdiUzRSUwQSUzQ2RpdiUyMGNsYXNzJTNEJTIycm9vbS1zZXJ2aWNlcy1pdGVtJTIyJTNFJTBBJTNDaSUyMGNsYXNzJTNEJTIyZmElMjBmYS13aWZpJTIyJTIwZGF0YS1vcmlnaW5hbC10aXRsZSUzRCUyMldpLUZpJTIyJTNFJTNDJTJGaSUzRSUwQVdJRkklMjBIQVVUJTIwRCVDMyU4OUJJVCUyMEdSQVRVSVQlMEElM0MlMkZkaXYlM0UlMEElM0NkaXYlMjBjbGFzcyUzRCUyMnJvb20tc2VydmljZXMtaXRlbSUyMiUzRSUwQSUzQ2klMjBjbGFzcyUzRCUyMmZhcyUyMGZhLXByb2NlZHVyZXMlMjIlM0UlM0MlMkZpJTNFJTBBTU9VU1RJUVVBSVJFJTBBJTNDJTJGZGl2JTNFJTBBJTNDZGl2JTIwY2xhc3MlM0QlMjJyb29tLXNlcnZpY2VzLWl0ZW0lMjIlM0UlMEElM0NpJTIwY2xhc3MlM0QlMjJmYXMlMjBmYS10c2hpcnQlMjIlM0UlM0MlMkZpJTNFJTBBUFJFU1NJTkclMEElM0MlMkZkaXYlM0UlMEElM0NkaXYlMjBjbGFzcyUzRCUyMnJvb20tc2VydmljZXMtaXRlbSUyMiUzRSUwQSUzQ2klMjBjbGFzcyUzRCUyMmZhcyUyMGZhLWx1Z2dhZ2UtY2FydCUyMiUzRSUzQyUyRmklM0UlMEFCQUdBR0lTVEUlMEElM0MlMkZkaXYlM0UlMEElM0NkaXYlMjBjbGFzcyUzRCUyMnJvb20tc2VydmljZXMtaXRlbSUyMiUzRSUwQSUzQ2klMjBjbGFzcyUzRCUyMmZhcyUyMGZhLXN3aW1tZXIlMjIlM0UlM0MlMkZpJTNFJTBBUElTQ0lORSUyMEVUJTIwVEVSUkFTU0UlMEElM0MlMkZkaXYlM0UlMEElM0NkaXYlMjBjbGFzcyUzRCUyMnJvb20tc2VydmljZXMtaXRlbSUyMiUzRSUwQSUzQ2klMjBjbGFzcyUzRCUyMmZhcyUyMGZhLWNoYXJnaW5nLXN0YXRpb24lMjIlM0UlM0MlMkZpJTNFJTBBR1JPVVBFJTIwJUMzJTg5TEVDVFJPRyVDMyU4OE5FJTBBJTNDJTJGZGl2JTNFJTBBJTNDZGl2JTIwY2xhc3MlM0QlMjJyb29tLXNlcnZpY2VzLWl0ZW0lMjIlM0UlMEElM0NpJTIwY2xhc3MlM0QlMjJmYXMlMjBmYS1wYXJraW5nJTIyJTNFJTNDJTJGaSUzRSUwQVBBUktJTkclMjBTT1VTJTIwU1VSVkVJTExBTkNFJTBBJTNDJTJGZGl2JTNFJTBBJTNDJTJGZGl2JTNFJTBBJTNDJTJGZGl2JTNFJTBBJTNDJTJGZGl2JTNFJTBBJTNDJTJGZGl2JTNFJTBBJTNDJTJGZGl2JTNFJTNDJTJGZGl2JTNFJTNDJTJGZGl2JTNFJTNDJTJGZGl2JTNFJTNDZGl2JTIwY2xhc3MlM0QlMjJ2Y19lbXB0eV9zcGFjZSUyMiUyMHN0eWxlJTNEJTIyaGVpZ2h0JTNBJTIwNTBweCUyMiUzRSUzQ3NwYW4lMjBjbGFzcyUzRCUyMnZjX2VtcHR5X3NwYWNlX2lubmVyJTIyJTNFJTNDJTJGc3BhbiUzRSUzQyUyRmRpdiUzRSUyMCUyMCUyMCUyMCUyMCUzQ2RpdiUyMGNsYXNzJTNEJTIybWFpbl90aXRsZSUyMCUyMHRleHQtbGVmdCUyMCUyMCUyMiUzRSUwQSUzQ2gyJTIwY2xhc3MlM0QlMjJ0aXRsZSUyMiUzRVNFUlZJQ0VTJTNDJTJGaDIlM0UlMEElMjAlMjAlMjAlMjAlMjAlMjAlM0MlMkZkaXYlM0UlMEElM0NkaXYlMjBjbGFzcyUzRCUyMnZjX3JvdyUyMHdwYl9yb3clMjB2Y19pbm5lciUyMHZjX3Jvdy1mbHVpZCUyMiUzRSUzQ2RpdiUyMGNsYXNzJTNEJTIyd3BiX2NvbHVtbiUyMHZjX2NvbHVtbl9jb250YWluZXIlMjB2Y19jb2wtc20tMTIlMjIlM0UlM0NkaXYlMjBjbGFzcyUzRCUyMnZjX2NvbHVtbi1pbm5lciUyMiUzRSUzQ2RpdiUyMGNsYXNzJTNEJTIyd3BiX3dyYXBwZXIlMjIlM0UlMjAlMjAlMjAlMjAlMjAlMjAlMjAlMjAlMjAlMjAlMjAlMEElMjAlMjAlMjAlMjAlM0NkaXYlMjBjbGFzcyUzRCUyMnJvdyUyMiUzRSUwQSUyMCUyMCUyMCUyMCUyMCUyMCUzQ2RpdiUyMGNsYXNzJTNEJTIyaW1hZ2UtZ2FsbGVyeSUyMiUzRSUwQSUwQSUyMCUyMCUyMCUyMCUyMCUyMCUyMCUyMCUyMCUyMCUyMCUwQSUyMCUyMCUyMCUyMCUyMCUyMCUyMCUyMCUyMCUyMCUyMCUyMCUzQyUyMS0tJTIwR0FMTEVSWSUyMElURU0lMjAtLSUzRSUwQSUyMCUyMCUyMCUyMCUyMCUyMCUyMCUyMCUyMCUyMCUyMCUyMCUzQ2RpdiUyMGNsYXNzJTNEJTIyY29sLWxnLTMlMjBjb2wtc20tNiUyMiUzRSUwQSUyMCUyMCUyMCUyMCUyMCUyMCUyMCUyMCUyMCUyMCUyMCUyMCUyMCUyMCUzQ2ZpZ3VyZSUyMGNsYXNzJTNEJTIyZ3JhZGllbnQtb3ZlcmxheS1ob3ZlciUyMGljb24tem9vbS1ob3ZlciUyMHpvb20taW1hZ2UtaG92ZXIlMjIlM0UlMEElMjAlMjAlMjAlMjAlMjAlMjAlMjAlMjAlMjAlMjAlMjAlMjAlMjAlMjAlMjAlMjAlMjAlMjAlMjAlMjAlMjAlMjAlMjAlMjAlMjAlMjAlMjAlMjAlMjAlMjAlMjAlMjAlMjAlMjAlMjAlMjAlMjAlMjAlMjAlMjAlM0NhJTIwaHJlZiUzRCUyMmh0dHBzJTNBJTJGJTJGbG9kZ2VkZXNhbG1hZGllcy5jb20lMkZ3cC1jb250ZW50JTJGdXBsb2FkcyUyRjIwMjElMkYxMiUyRmxvZGdlX2Jsb2NrMDNhX3NlbWluYWlyZXMuanBnJTIyJTNFJTBBJTIwJTIwJTIwJTIwJTIwJTIwJTIwJTIwJTIwJTIwJTIwJTIwJTIwJTIwJTIwJTIwJTIwJTIwJTNDaW1nJTIwc3JjJTNEJTIyaHR0cHMlM0ElMkYlMkZsb2RnZWRlc2FsbWFkaWVzLmNvbSUyRndwLWNvbnRlbnQlMkZ1cGxvYWRzJTJGMjAyMSUyRjEyJTJGbG9kZ2VfYmxvY2swM2Ffc2VtaW5haXJlcy5qcGclMjIlMjBjbGFzcyUzRCUyMmltZy1yZXNwb25zaXZlJTIyJTNFJTBBJTIwJTIwJTIwJTIwJTIwJTIwJTIwJTIwJTIwJTIwJTIwJTIwJTIwJTIwJTIwJTIwJTNDJTJGYSUzRSUwQSUyMCUyMCUyMCUyMCUyMCUyMCUyMCUyMCUyMCUyMCUyMCUyMCUyMCUyMCUyMCUyMCUyMCUyMCUyMCUyMCUyMCUyMCUyMCUyMCUyMCUyMCUyMCUyMCUyMCUyMCUyMCUyMCUyMCUyMCUyMCUyMCUzQyUyRmZpZ3VyZSUzRSUwQSUyMCUyMCUyMCUyMCUyMCUyMCUyMCUyMCUyMCUyMCUyMCUyMCUzQyUyRmRpdiUzRSUwQSUwQSUyMCUyMCUyMCUyMCUyMCUyMCUyMCUyMCUyMCUyMCUyMCUyMCUwQSUyMCUyMCUyMCUyMCUyMCUyMCUyMCUyMCUyMCUyMCUyMCUyMCUzQyUyMS0tJTIwR0FMTEVSWSUyMElURU0lMjAtLSUzRSUwQSUyMCUyMCUyMCUyMCUyMCUyMCUyMCUyMCUyMCUyMCUyMCUyMCUzQ2RpdiUyMGNsYXNzJTNEJTIyY29sLWxnLTMlMjBjb2wtc20tNiUyMiUzRSUwQSUyMCUyMCUyMCUyMCUyMCUyMCUyMCUyMCUyMCUyMCUyMCUyMCUyMCUyMCUzQ2ZpZ3VyZSUyMGNsYXNzJTNEJTIyZ3JhZGllbnQtb3ZlcmxheS1ob3ZlciUyMGljb24tem9vbS1ob3ZlciUyMHpvb20taW1hZ2UtaG92ZXIlMjIlM0UlMEElMjAlMjAlMjAlMjAlMjAlMjAlMjAlMjAlMjAlMjAlMjAlMjAlMjAlMjAlMjAlMjAlMjAlMjAlMjAlMjAlMjAlMjAlMjAlMjAlMjAlMjAlMjAlMjAlMjAlMjAlMjAlMjAlMjAlMjAlMjAlMjAlMjAlMjAlMjAlMjAlM0NhJTIwaHJlZiUzRCUyMmh0dHBzJTNBJTJGJTJGbG9kZ2VkZXNhbG1hZGllcy5jb20lMkZ3cC1jb250ZW50JTJGdXBsb2FkcyUyRjIwMjUlMkYwNiUyRmxvZGdlX3BhZ2Vob3RlbF9ibG9jazAzYl9ib3V0aXF1ZS5qcGclMjIlM0UlMEElMjAlMjAlMjAlMjAlMjAlMjAlMjAlMjAlMjAlMjAlMjAlMjAlMjAlMjAlMjAlMjAlMjAlMjAlM0NpbWclMjBzcmMlM0QlMjJodHRwcyUzQSUyRiUyRmxvZGdlZGVzYWxtYWRpZXMuY29tJTJGd3AtY29udGVudCUyRnVwbG9hZHMlMkYyMDI1JTJGMDYlMkZsb2RnZV9wYWdlaG90ZWxfYmxvY2swM2JfYm91dGlxdWUuanBnJTIyJTIwY2xhc3MlM0QlMjJpbWctcmVzcG9uc2l2ZSUyMiUzRSUwQSUyMCUyMCUyMCUyMCUyMCUyMCUyMCUyMCUyMCUyMCUyMCUyMCUyMCUyMCUyMCUyMCUzQyUyRmElM0UlMEElMjAlMjAlMjAlMjAlMjAlMjAlMjAlMjAlMjAlMjAlMjAlMjAlMjAlMjAlMjAlMjAlMjAlMjAlMjAlMjAlMjAlMjAlMjAlMjAlMjAlMjAlMjAlMjAlMjAlMjAlMjAlMjAlMjAlMjAlMjAlMjAlM0MlMkZmaWd1cmUlM0UlMEElMjAlMjAlMjAlMjAlMjAlMjAlMjAlMjAlMjAlMjAlMjAlMjAlM0MlMkZkaXYlM0UlMEElMEElMjAlMjAlMjAlMjAlMjAlMjAlMjAlMjAlMjAlMjAlMjAlMjAlMEElMjAlMjAlMjAlMjAlMjAlMjAlMjAlMjAlMjAlMjAlMjAlMjAlM0MlMjEtLSUyMEdBTExFUlklMjBJVEVNJTIwLS0lM0UlMEElMjAlMjAlMjAlMjAlMjAlMjAlMjAlMjAlMjAlMjAlMjAlMjAlM0NkaXYlMjBjbGFzcyUzRCUyMmNvbC1sZy0zJTIwY29sLXNtLTYlMjIlM0UlMEElMjAlMjAlMjAlMjAlMjAlMjAlMjAlMjAlMjAlMjAlMjAlMjAlMjAlMjAlM0NmaWd1cmUlMjBjbGFzcyUzRCUyMmdyYWRpZW50LW92ZXJsYXktaG92ZXIlMjBpY29uLXpvb20taG92ZXIlMjB6b29tLWltYWdlLWhvdmVyJTIyJTNFJTBBJTIwJTIwJTIwJTIwJTIwJTIwJTIwJTIwJTIwJTIwJTIwJTIwJTIwJTIwJTIwJTIwJTIwJTIwJTIwJTIwJTIwJTIwJTIwJTIwJTIwJTIwJTIwJTIwJTIwJTIwJTIwJTIwJTIwJTIwJTIwJTIwJTIwJTIwJTIwJTIwJTNDYSUyMGhyZWYlM0QlMjJodHRwcyUzQSUyRiUyRmxvZGdlZGVzYWxtYWRpZXMuY29tJTJGd3AtY29udGVudCUyRnVwbG9hZHMlMkYyMDIxJTJGMTIlMkZsb2RnZV9ibG9jazAzY19yZXN0YXVyYW50LmpwZyUyMiUzRSUwQSUyMCUyMCUyMCUyMCUyMCUyMCUyMCUyMCUyMCUyMCUyMCUyMCUyMCUyMCUyMCUyMCUyMCUyMCUzQ2ltZyUyMHNyYyUzRCUyMmh0dHBzJTNBJTJGJTJGbG9kZ2VkZXNhbG1hZGllcy5jb20lMkZ3cC1jb250ZW50JTJGdXBsb2FkcyUyRjIwMjElMkYxMiUyRmxvZGdlX2Jsb2NrMDNjX3Jlc3RhdXJhbnQuanBnJTIyJTIwY2xhc3MlM0QlMjJpbWctcmVzcG9uc2l2ZSUyMiUzRSUwQSUyMCUyMCUyMCUyMCUyMCUyMCUyMCUyMCUyMCUyMCUyMCUyMCUyMCUyMCUyMCUyMCUzQyUyRmElM0UlMEElMjAlMjAlMjAlMjAlMjAlMjAlMjAlMjAlMjAlMjAlMjAlMjAlMjAlMjAlMjAlMjAlMjAlMjAlMjAlMjAlMjAlMjAlMjAlMjAlMjAlMjAlMjAlMjAlMjAlMjAlMjAlMjAlMjAlMjAlMjAlMjAlM0MlMkZmaWd1cmUlM0UlMEElMjAlMjAlMjAlMjAlMjAlMjAlMjAlMjAlMjAlMjAlMjAlMjAlM0MlMkZkaXYlM0UlMEElMEElMjAlMjAlMjAlMjAlMjAlMjAlMjAlMjAlMjAlMjAlMjAlMjAlMEElMjAlMjAlMjAlMjAlMjAlMjAlMjAlMjAlMjAlMjAlMjAlMjAlM0MlMjEtLSUyMEdBTExFUlklMjBJVEVNJTIwLS0lM0UlMEElMjAlMjAlMjAlMjAlMjAlMjAlMjAlMjAlMjAlMjAlMjAlMjAlM0NkaXYlMjBjbGFzcyUzRCUyMmNvbC1sZy0zJTIwY29sLXNtLTYlMjIlM0UlMEElMjAlMjAlMjAlMjAlMjAlMjAlMjAlMjAlMjAlMjAlMjAlMjAlMjAlMjAlM0NmaWd1cmUlMjBjbGFzcyUzRCUyMmdyYWRpZW50LW92ZXJsYXktaG92ZXIlMjBpY29uLXpvb20taG92ZXIlMjB6b29tLWltYWdlLWhvdmVyJTIyJTNFJTBBJTIwJTIwJTIwJTIwJTIwJTIwJTIwJTIwJTIwJTIwJTIwJTIwJTIwJTIwJTIwJTIwJTIwJTIwJTIwJTIwJTIwJTIwJTIwJTIwJTIwJTIwJTIwJTIwJTIwJTIwJTIwJTIwJTIwJTIwJTIwJTIwJTIwJTIwJTIwJTIwJTNDYSUyMGhyZWYlM0QlMjJodHRwcyUzQSUyRiUyRmxvZGdlZGVzYWxtYWRpZXMuY29tJTJGd3AtY29udGVudCUyRnVwbG9hZHMlMkYyMDIxJTJGMTIlMkZsb2RnZV9ibG9jazAzZF9waXNjaW5lLmpwZyUyMiUzRSUwQSUyMCUyMCUyMCUyMCUyMCUyMCUyMCUyMCUyMCUyMCUyMCUyMCUyMCUyMCUyMCUyMCUyMCUyMCUzQ2ltZyUyMHNyYyUzRCUyMmh0dHBzJTNBJTJGJTJGbG9kZ2VkZXNhbG1hZGllcy5jb20lMkZ3cC1jb250ZW50JTJGdXBsb2FkcyUyRjIwMjElMkYxMiUyRmxvZGdlX2Jsb2NrMDNkX3Bpc2NpbmUuanBnJTIyJTIwY2xhc3MlM0QlMjJpbWctcmVzcG9uc2l2ZSUyMiUzRSUwQSUyMCUyMCUyMCUyMCUyMCUyMCUyMCUyMCUyMCUyMCUyMCUyMCUyMCUyMCUyMCUyMCUzQyUyRmElM0UlMEElMjAlMjAlMjAlMjAlMjAlMjAlMjAlMjAlMjAlMjAlMjAlMjAlMjAlMjAlMjAlMjAlMjAlMjAlMjAlMjAlMjAlMjAlMjAlMjAlMjAlMjAlMjAlMjAlMjAlMjAlMjAlMjAlMjAlMjAlMjAlMjAlM0MlMkZmaWd1cmUlM0UlMEElMjAlMjAlMjAlMjAlMjAlMjAlMjAlMjAlMjAlMjAlMjAlMjAlM0MlMkZkaXYlM0UlMEElMEElMjAlMjAlMjAlMjAlMjAlMjAlMjAlMjAlMjAlMjAlMjAlMjAlMEElMjAlMjAlMjAlMjAlMjAlMjAlMjAlMjAlMjAlMjAlMjAlMjAlMjAlMjAlMjAlMjAlMjAlMjAlMjAlMjAlMjAlMjAlMjAlMjAlM0MlMkZkaXYlM0UlMEElMjAlMjAlMjAlMjAlM0MlMkZkaXYlM0UlMEElMEElMEElM0NkaXYlMjBjbGFzcyUzRCUyMndwYl90ZXh0X2NvbHVtbiUyMHdwYl9jb250ZW50X2VsZW1lbnQlMjAlMjIlM0UlMEElM0NkaXYlMjBjbGFzcyUzRCUyMndwYl93cmFwcGVyJTIyJTNFJTBBJTNDdWwlM0UlMEElM0NsaSUzRURldXglMjAlMjgyJTI5JTIwc2FsbGVzJTIwZGUlMjByJUMzJUE5dW5pb24lMjBkb250JTIwdW5lJTIwcG91dmFudCUyMGFjY3VlaWxsaXIlMjA0MCUyMHBlcnNvbm5lcyUyMGV0JTIwbCVFMiU4MCU5OWF1dHJlJTIwMTUlMjBwZXJzb25uZXMlMkMlM0MlMkZsaSUzRSUwQSUzQ2xpJTNFMiUyMGJvdXRpcXVlcyUzQSUyMExBUEVTQ0hBUkRJRVJFJTIwJTI4Y3IlQzMlQTlhdGlvbiUyMGRlJTIwYmlqb3V4JTIwYXJ0aXNhbmFsJTI5JTJDJTIwZXQlMjBaQU1BTkklMjAlMjhjciVDMyVBOWF0aW9uJTIwZGVzaWduZXIlMjBldCUyMHByb2R1aXRzJTIwQWZyaWNhaW5zJTI5LiUzQyUyRmxpJTNFJTBBJTNDbGklM0UlQzMlODAlMjBsYSUyMGRlbWFuZGUlMjBub3VzJTIwcHJvcG9zb25zJTIwZGVzJTIwZm9ybXVsZXMlMjBkZSUyMHBhdXNlLWNhZiVDMyVBOSUyMGFpbnNpJTIwcXVlJTIwZGVzJTIwZm9yZmFpdHMlMjBwb3VyJTIwdm9zJTIwcmVwYXMlMjBhdmVjJTIwb3UlMjBzYW5zJTIwYm9pc3NvbiUyMGNvbXByZW5hbnQlMjB1biUyMGNob2l4JTIwZCVFMiU4MCU5OWVudHIlQzMlQTllJTJDJTIwZGUlMjBwbGF0JTIwZXQlMjBkZSUyMGRlc3NlcnQuJTNDJTJGbGklM0UlMEElM0MlMkZ1bCUzRSUwQSUzQ3AlM0VTb3lleiUyMGFzc3VyJUMzJUE5JTIwcXVlJTIwbm90cmUlMjBwcmlvcml0JUMzJUE5JTIwZXQlMjBkZSUyMG1ldHRyZSUyMHRvdXQlMjBlbiUyMCVDNSU5M3V2cmUlMjBwb3VyJTIwcXVlJTIwdm90cmUlMjBleHAlQzMlQTlyaWVuY2UlMjAlMjZuYnNwJTNCc29pdCUyMHVuZSUyMHIlQzMlQTl1c3NpdGUuJTNDJTJGcCUzRSUwQSUwQSUzQyUyRmRpdiUzRSUwQSUzQyUyRmRpdiUzRSUwQSUzQyUyRmRpdiUzRSUzQyUyRmRpdiUzRSUzQyUyRmRpdiUzRSUzQyUyRmRpdiUzRSUzQ2RpdiUyMGNsYXNzJTNEJTIyd3BiX2NvbHVtbiUyMHZjX2NvbHVtbl9jb250YWluZXIlMjB2Y19jb2wtc20tMTIlMjIlM0UlM0NkaXYlMjBjbGFzcyUzRCUyMnZjX2NvbHVtbi1pbm5lciUyMiUzRSUzQ2RpdiUyMGNsYXNzJTNEJTIyd3BiX3dyYXBwZXIlMjIlM0UlM0MlMkZkaXYlM0UlM0MlMkZkaXYlM0UlM0MlMkZkaXYlM0UlM0MlMkZkaXYlM0UlM0MlMkZkaXYlM0UlM0MlMkZkaXYlM0UlM0MlMkZkaXYlM0U=[\/vc_raw_html][\/vc_column][\/vc_row]<\/p>\n","protected":false},"excerpt":{"rendered":"<p>[vc_row full_width=&#8221;stretch_row&#8221; css=&#8221;.vc_custom_1650493110801{padding-bottom: 80px !important;}&#8221;][vc_column][vc_column_text] BIENVENUE La qualit\u00e9 d\u2019un h\u00f4tel passe par des actions simples et vraies. Par l\u2019amabilit\u00e9 et la disponibilit\u00e9 du personnel, mais d\u2019abord et avant tout par la propret\u00e9 et le confort. B\u00e9n\u00e9ficiez du charme de nos 36 chambres. C\u00f4t\u00e9 piscine, avec balcon ou c\u00f4t\u00e9 route, chaque chambre est unique et l\u2019ensemble [&hellip;]<\/p>\n","protected":false},"author":1,"featured_media":0,"parent":0,"menu_order":5,"comment_status":"closed","ping_status":"closed","template":"","meta":{"om_disable_all_campaigns":false,"_monsterinsights_skip_tracking":false,"_monsterinsights_sitenote_active":false,"_monsterinsights_sitenote_note":"","_monsterinsights_sitenote_category":0,"footnotes":""},"class_list":["post-2485","page","type-page","status-publish","hentry"],"aioseo_notices":[],"_links":{"self":[{"href":"https:\/\/lodgedesalmadies.com\/index.php\/wp-json\/wp\/v2\/pages\/2485","targetHints":{"allow":["GET"]}}],"collection":[{"href":"https:\/\/lodgedesalmadies.com\/index.php\/wp-json\/wp\/v2\/pages"}],"about":[{"href":"https:\/\/lodgedesalmadies.com\/index.php\/wp-json\/wp\/v2\/types\/page"}],"author":[{"embeddable":true,"href":"https:\/\/lodgedesalmadies.com\/index.php\/wp-json\/wp\/v2\/users\/1"}],"replies":[{"embeddable":true,"href":"https:\/\/lodgedesalmadies.com\/index.php\/wp-json\/wp\/v2\/comments?post=2485"}],"version-history":[{"count":25,"href":"https:\/\/lodgedesalmadies.com\/index.php\/wp-json\/wp\/v2\/pages\/2485\/revisions"}],"predecessor-version":[{"id":2844,"href":"https:\/\/lodgedesalmadies.com\/index.php\/wp-json\/wp\/v2\/pages\/2485\/revisions\/2844"}],"wp:attachment":[{"href":"https:\/\/lodgedesalmadies.com\/index.php\/wp-json\/wp\/v2\/media?parent=2485"}],"curies":[{"name":"wp","href":"https:\/\/api.w.org\/{rel}","templated":true}]}}